{"id":28,"date":"2015-09-08T22:35:15","date_gmt":"2015-09-08T21:35:15","guid":{"rendered":"http:\/\/zdenek-lhotsky.com.uvds134.active24.cz\/?page_id=28"},"modified":"2025-05-22T20:41:01","modified_gmt":"2025-05-22T19:41:01","slug":"glass-in-architecture","status":"publish","type":"page","link":"https:\/\/www.zdenek-lhotsky.com\/en\/work\/glass-in-architecture\/","title":{"rendered":"Glass in Architecture"},"content":{"rendered":"<p>[box-gallery-preview id=39 title=\"STAROM\u011aSTSK\u00c1 BR\u00c1NA \/ HOTEL FAIRMONT GOLDEN PRAGUE\" pageid=1658 linktext=\"More about this project\"]<img loading=\"lazy\" decoding=\"async\" width=\"852\" height=\"695\" class=\"alignnone size-medium wp-image-1690\" src=\"https:\/\/www.zdenek-lhotsky.com\/content\/media\/2025\/05\/HOTEL-FAIRMONT-GOLDEN-PRAGUE.png\" alt=\"HOTEL-FAIRMONT-GOLDEN-PRAGUE title\" srcset=\"https:\/\/www.zdenek-lhotsky.com\/content\/media\/2025\/05\/HOTEL-FAIRMONT-GOLDEN-PRAGUE.png 852w, https:\/\/www.zdenek-lhotsky.com\/content\/media\/2025\/05\/HOTEL-FAIRMONT-GOLDEN-PRAGUE-300x245.png 300w, https:\/\/www.zdenek-lhotsky.com\/content\/media\/2025\/05\/HOTEL-FAIRMONT-GOLDEN-PRAGUE-768x626.png 768w, https:\/\/www.zdenek-lhotsky.com\/content\/media\/2025\/05\/HOTEL-FAIRMONT-GOLDEN-PRAGUE-600x489.png 600w\" sizes=\"auto, (max-width: 852px) 100vw, 852px\" \/><\/div>ngg_shortcode_1_placeholder<\/div>\n<div class=\"box-gallery-preview\"><h2>Cast Glass Reliefs<\/h2>ngg_shortcode_2_placeholder<\/div>\n<div class=\"box-gallery-preview\"><h2>Cast Glass Stairs for Private Apartment<\/h2>ngg_shortcode_3_placeholder<\/div>\n<div class=\"box-gallery-preview\"><h2>Vitrucell Technology<\/h2>ngg_shortcode_4_placeholder<\/div>\n<div class=\"box-gallery-preview\"><h2>Interior KB Bank<\/h2>ngg_shortcode_5_placeholder<\/div>\n<p><div class=\"box-gallery-preview\"><h2>ETM Cafe Lighting Objects<\/h2>ngg_shortcode_6_placeholder<\/div><\/p>","protected":false},"excerpt":{"rendered":"<p>Sorry, this entry is only available in CZ.<\/p>\n","protected":false},"author":2,"featured_media":344,"parent":5,"menu_order":0,"comment_status":"closed","ping_status":"closed","template":"page-masonry.php","meta":{"ngg_post_thumbnail":0,"footnotes":""},"class_list":["post-28","page","type-page","status-publish","has-post-thumbnail","hentry"],"_links":{"self":[{"href":"https:\/\/www.zdenek-lhotsky.com\/en\/wp-json\/wp\/v2\/pages\/28","targetHints":{"allow":["GET"]}}],"collection":[{"href":"https:\/\/www.zdenek-lhotsky.com\/en\/wp-json\/wp\/v2\/pages"}],"about":[{"href":"https:\/\/www.zdenek-lhotsky.com\/en\/wp-json\/wp\/v2\/types\/page"}],"author":[{"embeddable":true,"href":"https:\/\/www.zdenek-lhotsky.com\/en\/wp-json\/wp\/v2\/users\/2"}],"replies":[{"embeddable":true,"href":"https:\/\/www.zdenek-lhotsky.com\/en\/wp-json\/wp\/v2\/comments?post=28"}],"version-history":[{"count":24,"href":"https:\/\/www.zdenek-lhotsky.com\/en\/wp-json\/wp\/v2\/pages\/28\/revisions"}],"predecessor-version":[{"id":1694,"href":"https:\/\/www.zdenek-lhotsky.com\/en\/wp-json\/wp\/v2\/pages\/28\/revisions\/1694"}],"up":[{"embeddable":true,"href":"https:\/\/www.zdenek-lhotsky.com\/en\/wp-json\/wp\/v2\/pages\/5"}],"wp:featuredmedia":[{"embeddable":true,"href":"https:\/\/www.zdenek-lhotsky.com\/en\/wp-json\/wp\/v2\/media\/344"}],"wp:attachment":[{"href":"https:\/\/www.zdenek-lhotsky.com\/en\/wp-json\/wp\/v2\/media?parent=28"}],"curies":[{"name":"wp","href":"https:\/\/api.w.org\/{rel}","templated":true}]}}