{"id":32,"date":"2015-09-08T22:36:21","date_gmt":"2015-09-08T21:36:21","guid":{"rendered":"http:\/\/zdenek-lhotsky.com.uvds134.active24.cz\/?page_id=32"},"modified":"2020-03-25T10:40:14","modified_gmt":"2020-03-25T09:40:14","slug":"concepts-and-studies","status":"publish","type":"page","link":"https:\/\/www.zdenek-lhotsky.com\/en\/work\/concepts-and-studies\/","title":{"rendered":"Concepts and Studies"},"content":{"rendered":"<p><div class=\"box-gallery-preview\"><h2>Milano Euroluce 2013, sv\u011bteln\u00fd koncept pro Preciosa Lighting<\/h2>ngg_shortcode_0_placeholder<\/div><\/p>\n<div class=\"box-gallery-preview\"><h2>Studie sklen\u011bn\u00e9 fas\u00e1dy na V\u00e1clavsk\u00e9m n\u00e1m\u011bst\u00ed<\/h2>ngg_shortcode_1_placeholder<\/div>\n<p><div class=\"box-gallery-preview\"><h2>Koncept lobby Flow East<\/h2>ngg_shortcode_2_placeholder<\/div><\/p>","protected":false},"excerpt":{"rendered":"","protected":false},"author":2,"featured_media":344,"parent":5,"menu_order":0,"comment_status":"closed","ping_status":"closed","template":"page-masonry.php","meta":{"ngg_post_thumbnail":0,"footnotes":""},"class_list":["post-32","page","type-page","status-publish","has-post-thumbnail","hentry"],"_links":{"self":[{"href":"https:\/\/www.zdenek-lhotsky.com\/en\/wp-json\/wp\/v2\/pages\/32","targetHints":{"allow":["GET"]}}],"collection":[{"href":"https:\/\/www.zdenek-lhotsky.com\/en\/wp-json\/wp\/v2\/pages"}],"about":[{"href":"https:\/\/www.zdenek-lhotsky.com\/en\/wp-json\/wp\/v2\/types\/page"}],"author":[{"embeddable":true,"href":"https:\/\/www.zdenek-lhotsky.com\/en\/wp-json\/wp\/v2\/users\/2"}],"replies":[{"embeddable":true,"href":"https:\/\/www.zdenek-lhotsky.com\/en\/wp-json\/wp\/v2\/comments?post=32"}],"version-history":[{"count":17,"href":"https:\/\/www.zdenek-lhotsky.com\/en\/wp-json\/wp\/v2\/pages\/32\/revisions"}],"predecessor-version":[{"id":1048,"href":"https:\/\/www.zdenek-lhotsky.com\/en\/wp-json\/wp\/v2\/pages\/32\/revisions\/1048"}],"up":[{"embeddable":true,"href":"https:\/\/www.zdenek-lhotsky.com\/en\/wp-json\/wp\/v2\/pages\/5"}],"wp:featuredmedia":[{"embeddable":true,"href":"https:\/\/www.zdenek-lhotsky.com\/en\/wp-json\/wp\/v2\/media\/344"}],"wp:attachment":[{"href":"https:\/\/www.zdenek-lhotsky.com\/en\/wp-json\/wp\/v2\/media?parent=32"}],"curies":[{"name":"wp","href":"https:\/\/api.w.org\/{rel}","templated":true}]}}